{"id":34,"date":"2010-12-20T11:41:13","date_gmt":"2010-12-20T11:41:13","guid":{"rendered":"http:\/\/www.klaussteffes-hollaender.de\/?page_id=34"},"modified":"2022-01-30T14:12:18","modified_gmt":"2022-01-30T14:12:18","slug":"samples","status":"publish","type":"page","link":"https:\/\/www.klaussteffes-hollaender.de\/?page_id=34","title":{"rendered":"Media"},"content":{"rendered":"<p><span style=\"text-decoration: underline;\"><span style=\"color: #000000; text-decoration: underline;\"><a href=\"https:\/\/www.klaussteffes-hollaender.de\/wp-content\/uploads\/2010\/12\/Ferneyhough-Anfang.mp3\"><span style=\"color: #000000; text-decoration: underline;\">Brian Ferneyhough &#8211; On Stellar Magnitudes &#8211; Anfang<\/span><\/a><\/span><\/span><\/p>\n<p><span style=\"text-decoration: underline;\"><span style=\"color: #000000; text-decoration: underline;\"><a href=\"https:\/\/www.klaussteffes-hollaender.de\/wp-content\/uploads\/2010\/12\/H\u00f6lsky-Liszt-II-Ausschnitt.mp3\"><span style=\"color: #000000; text-decoration: underline;\">Adriana H\u00f6lsky &#8211; H\u00f6rfenster f\u00fcr Franz Liszt &#8211; Ausschnitt<\/span><\/a><\/span><\/span><\/p>\n<p><span style=\"text-decoration: underline;\"><span style=\"color: #000000; text-decoration: underline;\"><a href=\"https:\/\/www.klaussteffes-hollaender.de\/wp-content\/uploads\/2010\/12\/Stockhausen-Anfang.mp3\"><span style=\"color: #000000; text-decoration: underline;\">Karlheinz Stockhausen &#8211; Klavierst\u00fcck 10 &#8211; Anfang<\/span><\/a><\/span><\/span><\/p>\n<p><span style=\"text-decoration: underline;\"><span style=\"color: #000000; text-decoration: underline;\"><a href=\"https:\/\/www.klaussteffes-hollaender.de\/wp-content\/uploads\/2010\/12\/Walter-Nr.5.mp3\"><span style=\"color: #000000; text-decoration: underline;\">Caspar Johannes Walter &#8211; 5 kurze St\u00fccke f\u00fcr Klavier &#8211; Nr.5<\/span><\/a><\/span><\/span><\/p>\n<p><span style=\"text-decoration: underline;\"><span style=\"color: #000000; text-decoration: underline;\"><a href=\"https:\/\/www.klaussteffes-hollaender.de\/wp-content\/uploads\/2010\/12\/Haydn-3.Satz-Anfang.mp3\"><span style=\"color: #000000; text-decoration: underline;\">Joseph Haydn &#8211; Klavierkonzert D-Dur &#8211;\u00a0 3.Satz Anfang<\/span><\/a><\/span><\/span><\/p>\n<p><span style=\"text-decoration: underline;\"><span style=\"color: #000000; text-decoration: underline;\"><a href=\"https:\/\/www.klaussteffes-hollaender.de\/wp-content\/uploads\/2010\/12\/Haydn-2.Satz-Ausschnitt.mp3\"><span style=\"color: #000000; text-decoration: underline;\">Joseph Haydn &#8211; Klavierkonzert D-Dur &#8211; 2.Satz Ausschnitt<\/span><\/a><\/span><\/span><\/p>\n<p><span style=\"color: #000000;\"><a href=\"https:\/\/www.klaussteffes-hollaender.de\/wp-content\/uploads\/2018\/10\/Idyll-und-Abgrund-4.mp3\"><span style=\"color: #000000;\">J\u00f6rg Widmann &#8211; Idyll und Abgrung &#8211; Nr.4 Scherzando<\/span><\/a><\/span><\/p>\n<p><span style=\"text-decoration: underline;\"><span style=\"color: #000000; text-decoration: underline;\"><a href=\"https:\/\/www.klaussteffes-hollaender.de\/wp-content\/uploads\/2010\/12\/Imoro-1-mit-PS-k\u00fcrzer.mp3\"><span style=\"color: #000000; text-decoration: underline;\">Improvisation 1 mit Pi\u00e8rre-St\u00e9phane Meug\u00e9 (sax), K\u00f6ln &#8211; St.Peter<\/span><\/a><\/span><\/span><\/p>\n<p><a href=\"https:\/\/www.klaussteffes-hollaender.de\/wp-content\/uploads\/2022\/01\/FantasiaA-Dur12-10-21.mp3\"><span style=\"color: #000000;\">Georg Philipp Telemann &#8211; Klavierfantasie A-Dur \/ Allegro &#8211; Grave &#8211; Allegro da capo<\/span><\/a><\/p>\n<p><a href=\"https:\/\/www.klaussteffes-hollaender.de\/wp-content\/uploads\/2022\/01\/FantasiaG-Dur12-10-21.mp3\"><span style=\"color: #000000;\">Georg Philipp Telemann &#8211; Klavierfantasie G-Dur \/ Presto &#8211; Largo &#8211; Presto da capo<\/span><\/a><\/p>\n<p>\u00a0<\/p>\n\n\n<p><\/p>\n","protected":false},"excerpt":{"rendered":"<p>Brian Ferneyhough &#8211; On Stellar Magnitudes &#8211; Anfang Adriana H\u00f6lsky &#8211; H\u00f6rfenster f\u00fcr Franz Liszt &#8211; Ausschnitt Karlheinz Stockhausen &#8211; Klavierst\u00fcck 10 &#8211; Anfang Caspar Johannes Walter &#8211; 5 kurze St\u00fccke f\u00fcr Klavier &#8211; Nr.5 Joseph Haydn &#8211; Klavierkonzert D-Dur &#8211;\u00a0 3.Satz Anfang Joseph Haydn &#8211; Klavierkonzert D-Dur &#8211; 2.Satz Ausschnitt J\u00f6rg Widmann &#8211; Idyll [&hellip;]<\/p>\n","protected":false},"author":1,"featured_media":0,"parent":0,"menu_order":4,"comment_status":"closed","ping_status":"closed","template":"","meta":{"ngg_post_thumbnail":0},"_links":{"self":[{"href":"https:\/\/www.klaussteffes-hollaender.de\/index.php?rest_route=\/wp\/v2\/pages\/34"}],"collection":[{"href":"https:\/\/www.klaussteffes-hollaender.de\/index.php?rest_route=\/wp\/v2\/pages"}],"about":[{"href":"https:\/\/www.klaussteffes-hollaender.de\/index.php?rest_route=\/wp\/v2\/types\/page"}],"author":[{"embeddable":true,"href":"https:\/\/www.klaussteffes-hollaender.de\/index.php?rest_route=\/wp\/v2\/users\/1"}],"replies":[{"embeddable":true,"href":"https:\/\/www.klaussteffes-hollaender.de\/index.php?rest_route=%2Fwp%2Fv2%2Fcomments&post=34"}],"version-history":[{"count":24,"href":"https:\/\/www.klaussteffes-hollaender.de\/index.php?rest_route=\/wp\/v2\/pages\/34\/revisions"}],"predecessor-version":[{"id":645,"href":"https:\/\/www.klaussteffes-hollaender.de\/index.php?rest_route=\/wp\/v2\/pages\/34\/revisions\/645"}],"wp:attachment":[{"href":"https:\/\/www.klaussteffes-hollaender.de\/index.php?rest_route=%2Fwp%2Fv2%2Fmedia&parent=34"}],"curies":[{"name":"wp","href":"https:\/\/api.w.org\/{rel}","templated":true}]}}