{"id":409,"date":"2017-11-12T21:00:40","date_gmt":"2017-11-12T21:00:40","guid":{"rendered":"http:\/\/www.klaussteffes-hollaender.de\/?page_id=409"},"modified":"2018-10-27T14:43:29","modified_gmt":"2018-10-27T14:43:29","slug":"bio","status":"publish","type":"page","link":"https:\/\/www.klaussteffes-hollaender.de\/?page_id=409","title":{"rendered":"Bio"},"content":{"rendered":"<p align=\"left\">&nbsp;<\/p>\n<p class=\"western\" align=\"left\"><span style=\"font-family: Arial, sans-serif;\"><span style=\"font-size: medium;\">Klaus Steffes-Holl\u00e4nder wurde 1966 in der Eifel in der N\u00e4he von Koblenz geboren. Im Alter von 5 Jahren begann er seine musikalische Ausbildung (Blockfl\u00f6te, Querfl\u00f6te, Klavier, Saxofon, Orgel, Tonsatz, Dirigieren). Nach Teilnahme an Klaviermeisterkursen bei Naoyuki Taneda, Hans Leygraf, Eliza Hansen und Karlheinz K\u00e4mmerling studierte er von 1987 bis 1991 an der Musikhochschule K\u00f6ln bei Prof. Aloys Kontarsky.<\/span><\/span><\/p>\n<p class=\"western\" align=\"left\"><span style=\"font-family: Arial, sans-serif;\"><span style=\"font-size: medium;\">Ein Auslandsstipendium des DAAD erm\u00f6glichte ihm, seine Studien in Paris bei Prof. G\u00e9rard Fr\u00e9my und Claude Helffer fortzusetzen. Dar\u00fcber hinaus vertiefte er seine Ausbildung bei Prof. Paul Badura-Skoda.<\/span><\/span><\/p>\n<p class=\"western\" align=\"left\"><span style=\"font-family: Arial, sans-serif;\"><span style=\"font-size: medium;\">Sein besonderes Interesse gilt der neuen Musik. 1989 nahm er an der \u201eFr\u00fchjahrstagung f\u00fcr neue Musik Darmstadt\u201c und ein Jahr sp\u00e4ter an den \u201eInternationalen Sommerkursen f\u00fcr neue Musik Darmstadt\u201c teil. In Barcelona erhielt er den ersten Preis des Wettbewerbs f\u00fcr zeitgen\u00f6ssische Klaviermusik, in Girona wurde er f\u00fcr die Interpretation von Stockhausens Klavierst\u00fcck 10 mit einem Spezialpreis ausgezeichnet.<\/span><\/span><\/p>\n<p class=\"western\" align=\"left\"><span style=\"font-family: Arial, sans-serif;\"><span style=\"font-size: medium;\">Seit 1995 ist er Pianist des \u201eensemble recherche\u201c Freiburg. Zahlreiche CD-Einspielungen dokumentieren die Arbeit dieses Ensembles, das zu den f\u00fchrenden Ensembles f\u00fcr neue Musik weltweit geh\u00f6rt. <\/span><\/span><\/p>\n<p class=\"western\" align=\"left\"><span style=\"font-family: Arial, sans-serif;\"><span style=\"font-size: medium;\">Seit 1999 arbeitet er regelm\u00e4\u00dfig mit dem SWR-Sinfonieorchester Freiburg und dem RSO Stuttgart (jetzt fusioniert zum SWR-Sinfonieorchester) zusammen.<\/span><\/span><\/p>\n<p class=\"western\" align=\"left\"><span style=\"font-family: Arial, sans-serif;\"><span style=\"font-size: medium;\">Mit Joachim Haas gr\u00fcndete er 2014 das Duo Haoka. Hier begegnen sich akustische Klavierkl\u00e4nge und Liveelektronik. <\/span><\/span><\/p>\n<p class=\"western\" align=\"left\"><span style=\"font-family: Arial, sans-serif;\"><span style=\"font-size: medium;\">Soloauftritte f\u00fchrten ihn mit klassischem wie zeitgen\u00f6ssischen Repertoire in die Musikzentren Europas (u.a. Konzerthaus Wien, Elbphilharmonie Hamburg, Alte Oper Frankfurt, Philharmonie Berlin, Muziekgebouw Amsterdam, Kongress Luzern, Prinzregententheater M\u00fcnchen) sowie nach Japan, China und S\u00fcdamerika.<\/span><\/span><\/p>\n<p class=\"western\" align=\"left\"><span style=\"font-family: Arial, sans-serif;\"><span style=\"font-size: medium;\">Er arbeitete mit Dirigenten wie Michael Gielen, Sylvain Cambreling, Hans Zender, Francois-Xavier Roth, Peter Rundel, Matthias Pintscher und Johannes Kalitzke zusammen.<\/span><\/span><\/p>\n<p class=\"western\" align=\"left\"><span style=\"font-family: Arial, sans-serif;\"><span style=\"font-size: medium;\">Gelegentlich unternimmt er Ausfl\u00fcge in die Welt der Jazzmusik oder spielt mit frei improvisierenden Gruppen.<\/span><\/span><\/p>\n<p class=\"western\" align=\"left\"><span style=\"font-family: Arial, sans-serif;\"><span style=\"font-size: medium;\">Er war au\u00dferdem als Gastdozent t\u00e4tig an den Hochschulen in Wien, Peking, Harvard Music Departement, Rostock, Magdeburg, Mexiko-City, Lemberg und Brno und unterrichtet an der Ensemble-Akademie Freiburg, gemeinsam organisiert vom \u201eensemble recherche\u201c und dem \u201eFreiburger Barockorchester\u201c. <\/span><\/span><\/p>\n<p class=\"western\" align=\"left\"><span style=\"font-family: Arial, sans-serif;\"><span style=\"font-size: medium;\">Seit 2002 entstehen fotografische Arbeiten, schwerpunktm\u00e4\u00dfig im Segment Portraitfotografie und hier speziell Musikerportraits f\u00fcr Programme, Presse, CDs, Internetpr\u00e4sentationen.<\/span><\/span><\/p>\n<p align=\"left\"><span style=\"font-family: Arial Narrow,sans-serif;\">&nbsp;<\/span><\/p>\n<p align=\"left\">&nbsp;<\/p>\n<p align=\"justify\"><span style=\"font-family: Arial Narrow,sans-serif;\"><span style=\"font-size: xx-small;\"><span lang=\"fr-FR\">&nbsp;<\/span><\/span><\/span><\/p>\n","protected":false},"excerpt":{"rendered":"<p>&nbsp; Klaus Steffes-Holl\u00e4nder wurde 1966 in der Eifel in der N\u00e4he von Koblenz geboren. Im Alter von 5 Jahren begann er seine musikalische Ausbildung (Blockfl\u00f6te, Querfl\u00f6te, Klavier, Saxofon, Orgel, Tonsatz, Dirigieren). Nach Teilnahme an Klaviermeisterkursen bei Naoyuki Taneda, Hans Leygraf, Eliza Hansen und Karlheinz K\u00e4mmerling studierte er von 1987 bis 1991 an der Musikhochschule K\u00f6ln [&hellip;]<\/p>\n","protected":false},"author":1,"featured_media":0,"parent":0,"menu_order":1,"comment_status":"closed","ping_status":"closed","template":"","meta":{"ngg_post_thumbnail":0},"_links":{"self":[{"href":"https:\/\/www.klaussteffes-hollaender.de\/index.php?rest_route=\/wp\/v2\/pages\/409"}],"collection":[{"href":"https:\/\/www.klaussteffes-hollaender.de\/index.php?rest_route=\/wp\/v2\/pages"}],"about":[{"href":"https:\/\/www.klaussteffes-hollaender.de\/index.php?rest_route=\/wp\/v2\/types\/page"}],"author":[{"embeddable":true,"href":"https:\/\/www.klaussteffes-hollaender.de\/index.php?rest_route=\/wp\/v2\/users\/1"}],"replies":[{"embeddable":true,"href":"https:\/\/www.klaussteffes-hollaender.de\/index.php?rest_route=%2Fwp%2Fv2%2Fcomments&post=409"}],"version-history":[{"count":6,"href":"https:\/\/www.klaussteffes-hollaender.de\/index.php?rest_route=\/wp\/v2\/pages\/409\/revisions"}],"predecessor-version":[{"id":494,"href":"https:\/\/www.klaussteffes-hollaender.de\/index.php?rest_route=\/wp\/v2\/pages\/409\/revisions\/494"}],"wp:attachment":[{"href":"https:\/\/www.klaussteffes-hollaender.de\/index.php?rest_route=%2Fwp%2Fv2%2Fmedia&parent=409"}],"curies":[{"name":"wp","href":"https:\/\/api.w.org\/{rel}","templated":true}]}}